{"id":5989,"date":"2023-11-27T15:20:44","date_gmt":"2023-11-27T15:20:44","guid":{"rendered":"https:\/\/autobaez.com\/?page_id=5989"},"modified":"2023-11-27T15:33:23","modified_gmt":"2023-11-27T15:33:23","slug":"quien-somos","status":"publish","type":"page","link":"https:\/\/autobaez.com\/?page_id=5989","title":{"rendered":"Quien somos"},"content":{"rendered":"\t\t<div data-elementor-type=\"wp-page\" data-elementor-id=\"5989\" class=\"elementor elementor-5989\" data-elementor-post-type=\"page\">\n\t\t\t\t<div class=\"elementor-element elementor-element-bbc86f9 e-flex e-con-boxed e-con e-parent\" data-id=\"bbc86f9\" data-element_type=\"container\" data-settings=\"{&quot;background_background&quot;:&quot;classic&quot;,&quot;shape_divider_top&quot;:&quot;tilt&quot;,&quot;jet_parallax_layout_list&quot;:[],&quot;container_type&quot;:&quot;flex&quot;,&quot;content_width&quot;:&quot;boxed&quot;}\" data-core-v316-plus=\"true\">\n\t\t\t\t\t<div class=\"e-con-inner\">\n\t\t\t\t<div class=\"elementor-shape elementor-shape-top\" data-negative=\"false\">\n\t\t\t<svg xmlns=\"http:\/\/www.w3.org\/2000\/svg\" viewBox=\"0 0 1000 100\" preserveAspectRatio=\"none\">\n\t<path class=\"elementor-shape-fill\" d=\"M0,6V0h1000v100L0,6z\"\/>\n<\/svg>\t\t<\/div>\n\t\t\t\t<div class=\"elementor-element elementor-element-313e433 elementor-widget elementor-widget-heading\" data-id=\"313e433\" data-element_type=\"widget\" data-widget_type=\"heading.default\">\n\t\t\t\t<div class=\"elementor-widget-container\">\n\t\t\t<style>\/*! elementor - v3.19.0 - 07-02-2024 *\/\n.elementor-heading-title{padding:0;margin:0;line-height:1}.elementor-widget-heading .elementor-heading-title[class*=elementor-size-]>a{color:inherit;font-size:inherit;line-height:inherit}.elementor-widget-heading .elementor-heading-title.elementor-size-small{font-size:15px}.elementor-widget-heading .elementor-heading-title.elementor-size-medium{font-size:19px}.elementor-widget-heading .elementor-heading-title.elementor-size-large{font-size:29px}.elementor-widget-heading .elementor-heading-title.elementor-size-xl{font-size:39px}.elementor-widget-heading .elementor-heading-title.elementor-size-xxl{font-size:59px}<\/style><h2 class=\"elementor-heading-title elementor-size-default\">Con\u00f3cenos<\/h2>\t\t<\/div>\n\t\t\t\t<\/div>\n\t\t\t\t<div class=\"elementor-element elementor-element-4f7a784 elementor-widget elementor-widget-text-editor\" data-id=\"4f7a784\" data-element_type=\"widget\" data-widget_type=\"text-editor.default\">\n\t\t\t\t<div class=\"elementor-widget-container\">\n\t\t\t<style>\/*! elementor - v3.19.0 - 07-02-2024 *\/\n.elementor-widget-text-editor.elementor-drop-cap-view-stacked .elementor-drop-cap{background-color:#69727d;color:#fff}.elementor-widget-text-editor.elementor-drop-cap-view-framed .elementor-drop-cap{color:#69727d;border:3px solid;background-color:transparent}.elementor-widget-text-editor:not(.elementor-drop-cap-view-default) .elementor-drop-cap{margin-top:8px}.elementor-widget-text-editor:not(.elementor-drop-cap-view-default) .elementor-drop-cap-letter{width:1em;height:1em}.elementor-widget-text-editor .elementor-drop-cap{float:left;text-align:center;line-height:1;font-size:50px}.elementor-widget-text-editor .elementor-drop-cap-letter{display:inline-block}<\/style>\t\t\t\t<p>AutoB\u00e1ez Automoci\u00f3n se dedica a proporcionar soluciones completas en el \u00e1mbito de la automoci\u00f3n, con una experiencia de m\u00e1s de 50 a\u00f1os en el sector, desde la venta de veh\u00edculos nuevos y usados hasta servicios de reparaci\u00f3n y mantenimiento, pasando por la oferta de repuestos y accesorios, y asesoramiento en financiaci\u00f3n y seguros. Su enfoque se basa en la satisfacci\u00f3n del cliente, brindando un servicio profesional y de calidad.<\/p><p>Venta de veh\u00edculos: Ofrecen una amplia selecci\u00f3n de veh\u00edculos nuevos y usados de diversas marcas y modelos. Su habilidad en el mercado les permite ofrecer a sus clientes opciones y precios competitivos.<\/p><p>Reparaci\u00f3n y mantenimiento de veh\u00edculos: Contamos con un taller especializado donde llevamos a cabo reparaciones mec\u00e1nicas, mantenimiento preventivo y correctivo, ajustes, revisiones y cambios de piezas. Nuestro equipo de t\u00e9cnicos altamente capacitados garantiza un servicio de calidad y eficiente. Servicio Oficial de Jeep.<\/p><p>Servicio de carrocer\u00eda y pintura: Servicios de reparaci\u00f3n, repintado y restauraci\u00f3n de carrocer\u00eda, as\u00ed como de pintura de veh\u00edculos. Utilizamos t\u00e9cnicas y productos de alta calidad para asegurarse de que el veh\u00edculo quede en perfectas condiciones.<\/p><p>Servicio de venta de repuestos: Disponemos de una amplia variedad de repuestos y accesorios originales, para que los clientes puedan adquirir las piezas necesarias para reparaciones o mejoras de sus veh\u00edculos.<\/p><p>Financiaci\u00f3n y seguros: Ofrecemos asesoramiento en cuanto a opciones de financiaci\u00f3n para la compra de veh\u00edculos, as\u00ed como la posibilidad de adquirir seguros para proteger la inversi\u00f3n realizada.<\/p>\t\t\t\t\t\t<\/div>\n\t\t\t\t<\/div>\n\t\t\t\t<div class=\"elementor-element elementor-element-36e6943 elementor-widget elementor-widget-spacer\" data-id=\"36e6943\" data-element_type=\"widget\" data-widget_type=\"spacer.default\">\n\t\t\t\t<div class=\"elementor-widget-container\">\n\t\t\t<style>\/*! elementor - v3.19.0 - 07-02-2024 *\/\n.elementor-column .elementor-spacer-inner{height:var(--spacer-size)}.e-con{--container-widget-width:100%}.e-con-inner>.elementor-widget-spacer,.e-con>.elementor-widget-spacer{width:var(--container-widget-width,var(--spacer-size));--align-self:var(--container-widget-align-self,initial);--flex-shrink:0}.e-con-inner>.elementor-widget-spacer>.elementor-widget-container,.e-con>.elementor-widget-spacer>.elementor-widget-container{height:100%;width:100%}.e-con-inner>.elementor-widget-spacer>.elementor-widget-container>.elementor-spacer,.e-con>.elementor-widget-spacer>.elementor-widget-container>.elementor-spacer{height:100%}.e-con-inner>.elementor-widget-spacer>.elementor-widget-container>.elementor-spacer>.elementor-spacer-inner,.e-con>.elementor-widget-spacer>.elementor-widget-container>.elementor-spacer>.elementor-spacer-inner{height:var(--container-widget-height,var(--spacer-size))}.e-con-inner>.elementor-widget-spacer.elementor-widget-empty,.e-con>.elementor-widget-spacer.elementor-widget-empty{position:relative;min-height:22px;min-width:22px}.e-con-inner>.elementor-widget-spacer.elementor-widget-empty .elementor-widget-empty-icon,.e-con>.elementor-widget-spacer.elementor-widget-empty .elementor-widget-empty-icon{position:absolute;top:0;bottom:0;left:0;right:0;margin:auto;padding:0;width:22px;height:22px}<\/style>\t\t<div class=\"elementor-spacer\">\n\t\t\t<div class=\"elementor-spacer-inner\"><\/div>\n\t\t<\/div>\n\t\t\t\t<\/div>\n\t\t\t\t<\/div>\n\t\t\t\t<div class=\"elementor-element elementor-element-15bd00a elementor-widget elementor-widget-heading\" data-id=\"15bd00a\" data-element_type=\"widget\" data-widget_type=\"heading.default\">\n\t\t\t\t<div class=\"elementor-widget-container\">\n\t\t\t<h2 class=\"elementor-heading-title elementor-size-default\">Nuestras Marcas<\/h2>\t\t<\/div>\n\t\t\t\t<\/div>\n\t\t\t\t<div class=\"elementor-element elementor-element-9675dd0 elementor-widget elementor-widget-spacer\" data-id=\"9675dd0\" data-element_type=\"widget\" data-widget_type=\"spacer.default\">\n\t\t\t\t<div class=\"elementor-widget-container\">\n\t\t\t\t\t<div class=\"elementor-spacer\">\n\t\t\t<div class=\"elementor-spacer-inner\"><\/div>\n\t\t<\/div>\n\t\t\t\t<\/div>\n\t\t\t\t<\/div>\n\t\t\t\t<div class=\"elementor-element elementor-element-b278bd9 gallery-spacing-custom elementor-widget elementor-widget-image-gallery\" data-id=\"b278bd9\" data-element_type=\"widget\" data-widget_type=\"image-gallery.default\">\n\t\t\t\t<div class=\"elementor-widget-container\">\n\t\t\t<style>\/*! elementor - v3.19.0 - 07-02-2024 *\/\n.elementor-image-gallery .gallery-item{display:inline-block;text-align:center;vertical-align:top;width:100%;max-width:100%;margin:0 auto}.elementor-image-gallery .gallery-item img{margin:0 auto}.elementor-image-gallery .gallery-item .gallery-caption{margin:0}.elementor-image-gallery figure img{display:block}.elementor-image-gallery figure figcaption{width:100%}.gallery-spacing-custom .elementor-image-gallery .gallery-icon{padding:0}@media (min-width:768px){.elementor-image-gallery .gallery-columns-2 .gallery-item{max-width:50%}.elementor-image-gallery .gallery-columns-3 .gallery-item{max-width:33.33%}.elementor-image-gallery .gallery-columns-4 .gallery-item{max-width:25%}.elementor-image-gallery .gallery-columns-5 .gallery-item{max-width:20%}.elementor-image-gallery .gallery-columns-6 .gallery-item{max-width:16.666%}.elementor-image-gallery .gallery-columns-7 .gallery-item{max-width:14.28%}.elementor-image-gallery .gallery-columns-8 .gallery-item{max-width:12.5%}.elementor-image-gallery .gallery-columns-9 .gallery-item{max-width:11.11%}.elementor-image-gallery .gallery-columns-10 .gallery-item{max-width:10%}}@media (min-width:480px) and (max-width:767px){.elementor-image-gallery .gallery.gallery-columns-2 .gallery-item,.elementor-image-gallery .gallery.gallery-columns-3 .gallery-item,.elementor-image-gallery .gallery.gallery-columns-4 .gallery-item,.elementor-image-gallery .gallery.gallery-columns-5 .gallery-item,.elementor-image-gallery .gallery.gallery-columns-6 .gallery-item,.elementor-image-gallery .gallery.gallery-columns-7 .gallery-item,.elementor-image-gallery .gallery.gallery-columns-8 .gallery-item,.elementor-image-gallery .gallery.gallery-columns-9 .gallery-item,.elementor-image-gallery .gallery.gallery-columns-10 .gallery-item{max-width:50%}}@media (max-width:479px){.elementor-image-gallery .gallery.gallery-columns-2 .gallery-item,.elementor-image-gallery .gallery.gallery-columns-3 .gallery-item,.elementor-image-gallery .gallery.gallery-columns-4 .gallery-item,.elementor-image-gallery .gallery.gallery-columns-5 .gallery-item,.elementor-image-gallery .gallery.gallery-columns-6 .gallery-item,.elementor-image-gallery .gallery.gallery-columns-7 .gallery-item,.elementor-image-gallery .gallery.gallery-columns-8 .gallery-item,.elementor-image-gallery .gallery.gallery-columns-9 .gallery-item,.elementor-image-gallery .gallery.gallery-columns-10 .gallery-item{max-width:100%}}<\/style>\t\t<div class=\"elementor-image-gallery\">\n\t\t\t<div id='gallery-1' class='gallery galleryid-5989 gallery-columns-7 gallery-size-medium'><figure class='gallery-item'>\n\t\t\t<div class='gallery-icon landscape'>\n\t\t\t\t<a data-elementor-open-lightbox=\"yes\" data-elementor-lightbox-slideshow=\"b278bd9\" data-elementor-lightbox-title=\"logotipo_dfsk\" data-e-action-hash=\"#elementor-action%3Aaction%3Dlightbox%26settings%3DeyJpZCI6NTkxOCwidXJsIjoiaHR0cHM6XC9cL2F1dG9iYWV6LmNvbVwvd3AtY29udGVudFwvdXBsb2Fkc1wvMjAyM1wvMTFcL2xvZ290aXBvX2Rmc2sud2VicCIsInNsaWRlc2hvdyI6ImIyNzhiZDkifQ%3D%3D\" href='https:\/\/autobaez.com\/?attachment_id=5918'><img decoding=\"async\" width=\"225\" height=\"53\" src=\"https:\/\/autobaez.com\/wp-content\/uploads\/2023\/11\/logotipo_dfsk.webp\" class=\"attachment-medium size-medium\" alt=\"\" \/><\/a>\n\t\t\t<\/div><\/figure><figure class='gallery-item'>\n\t\t\t<div class='gallery-icon landscape'>\n\t\t\t\t<a data-elementor-open-lightbox=\"yes\" data-elementor-lightbox-slideshow=\"b278bd9\" data-elementor-lightbox-title=\"logo_ligier_header_white\" data-e-action-hash=\"#elementor-action%3Aaction%3Dlightbox%26settings%3DeyJpZCI6NTkxNiwidXJsIjoiaHR0cHM6XC9cL2F1dG9iYWV6LmNvbVwvd3AtY29udGVudFwvdXBsb2Fkc1wvMjAyM1wvMTFcL2xvZ29fbGlnaWVyX2hlYWRlcl93aGl0ZS53ZWJwIiwic2xpZGVzaG93IjoiYjI3OGJkOSJ9\" href='https:\/\/autobaez.com\/?attachment_id=5916'><img decoding=\"async\" width=\"119\" height=\"68\" src=\"https:\/\/autobaez.com\/wp-content\/uploads\/2023\/11\/logo_ligier_header_white.webp\" class=\"attachment-medium size-medium\" alt=\"\" \/><\/a>\n\t\t\t<\/div><\/figure><figure class='gallery-item'>\n\t\t\t<div class='gallery-icon landscape'>\n\t\t\t\t<a data-elementor-open-lightbox=\"yes\" data-elementor-lightbox-slideshow=\"b278bd9\" data-elementor-lightbox-title=\"InvictaElectric\" data-e-action-hash=\"#elementor-action%3Aaction%3Dlightbox%26settings%3DeyJpZCI6NTkxNywidXJsIjoiaHR0cHM6XC9cL2F1dG9iYWV6LmNvbVwvd3AtY29udGVudFwvdXBsb2Fkc1wvMjAyM1wvMTFcL0ludmljdGFFbGVjdHJpYy5wbmciLCJzbGlkZXNob3ciOiJiMjc4YmQ5In0%3D\" href='https:\/\/autobaez.com\/?attachment_id=5917'><img decoding=\"async\" width=\"300\" height=\"97\" src=\"https:\/\/autobaez.com\/wp-content\/uploads\/2023\/11\/InvictaElectric-300x97.png\" class=\"attachment-medium size-medium\" alt=\"\" srcset=\"https:\/\/autobaez.com\/wp-content\/uploads\/2023\/11\/InvictaElectric-300x97.png 300w, https:\/\/autobaez.com\/wp-content\/uploads\/2023\/11\/InvictaElectric-768x248.png 768w, https:\/\/autobaez.com\/wp-content\/uploads\/2023\/11\/InvictaElectric-600x194.png 600w, https:\/\/autobaez.com\/wp-content\/uploads\/2023\/11\/InvictaElectric.png 800w\" sizes=\"(max-width: 300px) 100vw, 300px\" \/><\/a>\n\t\t\t<\/div><\/figure><figure class='gallery-item'>\n\t\t\t<div class='gallery-icon landscape'>\n\t\t\t\t<a data-elementor-open-lightbox=\"yes\" data-elementor-lightbox-slideshow=\"b278bd9\" data-elementor-lightbox-title=\"pngwing.com(1)\" data-e-action-hash=\"#elementor-action%3Aaction%3Dlightbox%26settings%3DeyJpZCI6NTk5OSwidXJsIjoiaHR0cHM6XC9cL2F1dG9iYWV6LmNvbVwvd3AtY29udGVudFwvdXBsb2Fkc1wvMjAyM1wvMTFcL3BuZ3dpbmcuY29tMV8ucG5nIiwic2xpZGVzaG93IjoiYjI3OGJkOSJ9\" href='https:\/\/autobaez.com\/?attachment_id=5999'><img loading=\"lazy\" decoding=\"async\" width=\"300\" height=\"256\" src=\"https:\/\/autobaez.com\/wp-content\/uploads\/2023\/11\/pngwing.com1_-300x256.png\" class=\"attachment-medium size-medium\" alt=\"\" srcset=\"https:\/\/autobaez.com\/wp-content\/uploads\/2023\/11\/pngwing.com1_-300x256.png 300w, https:\/\/autobaez.com\/wp-content\/uploads\/2023\/11\/pngwing.com1_.png 600w\" sizes=\"(max-width: 300px) 100vw, 300px\" \/><\/a>\n\t\t\t<\/div><\/figure><figure class='gallery-item'>\n\t\t\t<div class='gallery-icon landscape'>\n\t\t\t\t<a data-elementor-open-lightbox=\"yes\" data-elementor-lightbox-slideshow=\"b278bd9\" data-elementor-lightbox-title=\"logo_microcar_header\" data-e-action-hash=\"#elementor-action%3Aaction%3Dlightbox%26settings%3DeyJpZCI6NTkxNSwidXJsIjoiaHR0cHM6XC9cL2F1dG9iYWV6LmNvbVwvd3AtY29udGVudFwvdXBsb2Fkc1wvMjAyM1wvMTFcL2xvZ29fbWljcm9jYXJfaGVhZGVyLndlYnAiLCJzbGlkZXNob3ciOiJiMjc4YmQ5In0%3D\" href='https:\/\/autobaez.com\/?attachment_id=5915'><img loading=\"lazy\" decoding=\"async\" width=\"130\" height=\"63\" src=\"https:\/\/autobaez.com\/wp-content\/uploads\/2023\/11\/logo_microcar_header.webp\" class=\"attachment-medium size-medium\" alt=\"\" \/><\/a>\n\t\t\t<\/div><\/figure><figure class='gallery-item'>\n\t\t\t<div class='gallery-icon landscape'>\n\t\t\t\t<a data-elementor-open-lightbox=\"yes\" data-elementor-lightbox-slideshow=\"b278bd9\" data-elementor-lightbox-title=\"logo-swm\" data-e-action-hash=\"#elementor-action%3Aaction%3Dlightbox%26settings%3DeyJpZCI6NTkyMCwidXJsIjoiaHR0cHM6XC9cL2F1dG9iYWV6LmNvbVwvd3AtY29udGVudFwvdXBsb2Fkc1wvMjAyM1wvMTFcL2xvZ28tc3dtLnBuZyIsInNsaWRlc2hvdyI6ImIyNzhiZDkifQ%3D%3D\" href='https:\/\/autobaez.com\/?attachment_id=5920'><img loading=\"lazy\" decoding=\"async\" width=\"300\" height=\"180\" src=\"https:\/\/autobaez.com\/wp-content\/uploads\/2023\/11\/logo-swm-300x180.png\" class=\"attachment-medium size-medium\" alt=\"\" srcset=\"https:\/\/autobaez.com\/wp-content\/uploads\/2023\/11\/logo-swm-300x180.png 300w, https:\/\/autobaez.com\/wp-content\/uploads\/2023\/11\/logo-swm.png 500w\" sizes=\"(max-width: 300px) 100vw, 300px\" \/><\/a>\n\t\t\t<\/div><\/figure>\n\t\t<\/div>\n\t\t<\/div>\n\t\t\t\t<\/div>\n\t\t\t\t<\/div>\n\t\t\t\t<div class=\"elementor-element elementor-element-24ef08d elementor-widget elementor-widget-spacer\" data-id=\"24ef08d\" data-element_type=\"widget\" data-widget_type=\"spacer.default\">\n\t\t\t\t<div class=\"elementor-widget-container\">\n\t\t\t\t\t<div class=\"elementor-spacer\">\n\t\t\t<div class=\"elementor-spacer-inner\"><\/div>\n\t\t<\/div>\n\t\t\t\t<\/div>\n\t\t\t\t<\/div>\n\t\t\t\t\t<\/div>\n\t\t\t\t<\/div>\n\t\t\t\t<\/div>\n\t\t","protected":false},"excerpt":{"rendered":"<p>Con\u00f3cenos AutoB\u00e1ez Automoci\u00f3n se dedica a proporcionar soluciones completas en el \u00e1mbito de la automoci\u00f3n, con una experiencia de m\u00e1s de 50 a\u00f1os en el sector, desde la venta de veh\u00edculos nuevos y usados hasta servicios de reparaci\u00f3n y mantenimiento, pasando por la oferta de repuestos y accesorios, y asesoramiento en financiaci\u00f3n y seguros. Su [&hellip;]<\/p>\n","protected":false},"author":1,"featured_media":0,"parent":0,"menu_order":0,"comment_status":"closed","ping_status":"closed","template":"","meta":{"_joinchat":[],"footnotes":""},"class_list":["post-5989","page","type-page","status-publish","hentry"],"_links":{"self":[{"href":"https:\/\/autobaez.com\/index.php?rest_route=\/wp\/v2\/pages\/5989","targetHints":{"allow":["GET"]}}],"collection":[{"href":"https:\/\/autobaez.com\/index.php?rest_route=\/wp\/v2\/pages"}],"about":[{"href":"https:\/\/autobaez.com\/index.php?rest_route=\/wp\/v2\/types\/page"}],"author":[{"embeddable":true,"href":"https:\/\/autobaez.com\/index.php?rest_route=\/wp\/v2\/users\/1"}],"replies":[{"embeddable":true,"href":"https:\/\/autobaez.com\/index.php?rest_route=%2Fwp%2Fv2%2Fcomments&post=5989"}],"version-history":[{"count":21,"href":"https:\/\/autobaez.com\/index.php?rest_route=\/wp\/v2\/pages\/5989\/revisions"}],"predecessor-version":[{"id":6018,"href":"https:\/\/autobaez.com\/index.php?rest_route=\/wp\/v2\/pages\/5989\/revisions\/6018"}],"wp:attachment":[{"href":"https:\/\/autobaez.com\/index.php?rest_route=%2Fwp%2Fv2%2Fmedia&parent=5989"}],"curies":[{"name":"wp","href":"https:\/\/api.w.org\/{rel}","templated":true}]}}